{"id":5961,"date":"2019-11-05T21:36:56","date_gmt":"2019-11-05T20:36:56","guid":{"rendered":"http:\/\/21connexion.fr\/naralisboa\/?page_id=6"},"modified":"2024-04-13T20:40:46","modified_gmt":"2024-04-13T18:40:46","slug":"accueil","status":"publish","type":"page","link":"https:\/\/naralisboa.com\/fr_fr\/","title":{"rendered":"Accueil"},"content":{"rendered":"\r\n\r\n\r\n<p>&nbsp;<\/p>\r\n\r\n<p><!--themify_builder_static--><div id='gallery-1' class='gallery galleryid-5961 gallery-columns-3 gallery-size-thumbnail'><figure class='gallery-item'>\n\t\t\t<div class='gallery-icon portrait'>\n\t\t\t\t<a href='https:\/\/naralisboa.com\/fr_fr\/?attachment_id=5764'><img loading=\"lazy\" decoding=\"async\" width=\"150\" height=\"150\" src=\"https:\/\/naralisboa.com\/wp-content\/uploads\/sites\/6\/sites\/12\/2015\/09\/2020-03-30-Nara-Lisboa-Caricatura-150x150.jpeg\" class=\"attachment-thumbnail size-thumbnail\" alt=\"\" aria-describedby=\"gallery-1-5764\" \/><\/a>\n\t\t\t<\/div>\n\t\t\t\t<figcaption class='wp-caption-text gallery-caption' id='gallery-1-5764'>\n\t\t\t\tFoto Claudia Duarte\n\t\t\t\t<\/figcaption><\/figure>\n\t\t<\/div>\n\r\n\r\n<h3><strong>Vid\u00e9os<\/strong><\/h3>\r\n<div class=\"elfsight-widget-youtube-gallery elfsight-widget\" data-elfsight-youtube-gallery-options=\"%7B%22channel%22%3A%22%22%2C%22sourceGroups%22%3A%5B%7B%22name%22%3A%22Nara%20Lisb%5Cu00f4a%22%2C%22sources%22%3A%5B%22https%3A%5C%2F%5C%2Fwww.youtube.com%5C%2Fplaylist%3Flist%3DPLdDQXx_auGylyzpeEdz8aqKrAy4w61SZR%22%5D%7D%2C%7B%22name%22%3A%22Florianopolis%20-%20Nara%20Lisb%5Cu00f4a%20Show%22%2C%22sources%22%3A%5B%22https%3A%5C%2F%5C%2Fwww.youtube.com%5C%2Fplaylist%3Flist%3DPLdDQXx_auGykhR1Yixb2p96RXvGB3T11V%22%5D%7D%5D%2C%22headerVisible%22%3Atrue%2C%22headerLayout%22%3A%22classic%22%2C%22headerInfo%22%3A%5B%22logo%22%2C%22banner%22%2C%22channelName%22%2C%22videosCounter%22%2C%22subscribersCounter%22%2C%22viewsCounter%22%2C%22subscribeButton%22%5D%2C%22contentColumns%22%3A3%2C%22contentRows%22%3A1%2C%22contentGutter%22%3A20%2C%22contentResponsive%22%3A%5B%7B%22minWidth%22%3A375%2C%22columns%22%3A1%2C%22rows%22%3A1%2C%22gutter%22%3A%2220%22%7D%2C%7B%22minWidth%22%3A768%2C%22columns%22%3A2%2C%22rows%22%3A1%2C%22gutter%22%3A%2220%22%7D%5D%2C%22width%22%3A%22auto%22%2C%22videoLayout%22%3A%22cinema%22%2C%22videoInfo%22%3A%5B%22playIcon%22%2C%22duration%22%2C%22title%22%2C%22date%22%2C%22description%22%2C%22viewsCounter%22%2C%22likesCounter%22%2C%22commentsCounter%22%5D%2C%22videoPlayMode%22%3A%22popup%22%2C%22popupInfo%22%3A%5B%22title%22%2C%22channelLogo%22%2C%22channelName%22%2C%22subscribeButton%22%2C%22viewsCounter%22%2C%22likesCounter%22%2C%22dislikesCounter%22%2C%22likesRatio%22%2C%22share%22%2C%22date%22%2C%22description%22%2C%22descriptionMoreButton%22%2C%22comments%22%5D%2C%22popupAutoplay%22%3Atrue%2C%22contentDirection%22%3A%22horizontal%22%2C%22contentArrowsControl%22%3Atrue%2C%22contentScrollControl%22%3Atrue%2C%22contentDragControl%22%3Atrue%2C%22contentPaginationControl%22%3Atrue%2C%22contentScrollbar%22%3Atrue%2C%22contentSearch%22%3Afalse%2C%22contentTransitionSpeed%22%3A600%2C%22contentTransitionEffect%22%3A%22fade%22%2C%22contentFreeMode%22%3Afalse%2C%22contentAuto%22%3A0%2C%22contentAutoPauseOnHover%22%3Afalse%2C%22colorScheme%22%3A%22custom%22%2C%22colorHeaderBg%22%3A%22rgb%2851%2C%2051%2C%2051%29%22%2C%22colorHeaderBannerOverlay%22%3Anull%2C%22colorHeaderChannelName%22%3A%22rgb%28255%2C%20255%2C%20255%29%22%2C%22colorHeaderChannelNameHover%22%3A%22rgb%2877%2C%20178%2C%20255%29%22%2C%22colorHeaderChannelDescription%22%3A%22rgb%28255%2C%20255%2C%20255%29%22%2C%22colorHeaderAnchor%22%3A%22rgb%2877%2C%20178%2C%20255%29%22%2C%22colorHeaderAnchorHover%22%3A%22rgb%28255%2C%20255%2C%20255%29%22%2C%22colorHeaderCounters%22%3A%22rgb%28160%2C%20160%2C%20160%29%22%2C%22colorGroupsBg%22%3A%22rgba%2855%2C%2055%2C%2055%2C%200%29%22%2C%22colorGroupsLink%22%3A%22rgb%28255%2C%20255%2C%20255%2C%200.5%29%22%2C%22colorGroupsLinkHover%22%3A%22rgb%28255%2C%20255%2C%20255%29%22%2C%22colorGroupsLinkActive%22%3A%22rgb%28255%2C%2066%2C%2066%29%22%2C%22colorGroupsHighlightHover%22%3A%22rgb%28255%2C%2066%2C%2066%29%22%2C%22colorGroupsHighlightActive%22%3A%22rgb%28255%2C%2066%2C%2066%29%22%2C%22colorVideoBg%22%3A%22rgb%2851%2C%2051%2C%2051%29%22%2C%22colorVideoOverlay%22%3Anull%2C%22colorVideoPlayIcon%22%3A%22rgba%28255%2C%20255%2C%20255%2C%200.4%29%22%2C%22colorVideoPlayIconHover%22%3A%22rgba%28255%2C%20255%2C%20255%2C%200.8%29%22%2C%22colorVideoDuration%22%3A%22rgb%28255%2C%20255%2C%20255%29%22%2C%22colorVideoDurationBg%22%3A%22rgba%2828%2C%2028%2C%2028%2C%200.81%29%22%2C%22colorVideoTitle%22%3A%22rgb%28200%2C%20200%2C%20200%29%22%2C%22colorVideoTitleHover%22%3A%22rgb%28200%2C%20200%2C%20200%29%22%2C%22colorVideoDate%22%3A%22rgb%28116%2C%20116%2C%20116%29%22%2C%22colorVideoDescription%22%3A%22rgb%28200%2C%20200%2C%20200%29%22%2C%22colorVideoAnchor%22%3A%22rgb%2842%2C%20163%2C%20255%29%22%2C%22colorVideoAnchorHover%22%3A%22rgb%2877%2C%20178%2C%20255%29%22%2C%22colorVideoCounters%22%3A%22rgb%28112%2C%20112%2C%20112%29%22%2C%22colorPopupBg%22%3A%22rgb%2853%2C%2053%2C%2053%29%22%2C%22colorPopupAnchor%22%3A%22rgb%2842%2C%20163%2C%20255%29%22%2C%22colorPopupAnchorHover%22%3A%22rgb%2877%2C%20178%2C%20255%29%22%2C%22colorPopupOverlay%22%3A%22rgba%280%2C%200%2C%200%2C%200.7%29%22%2C%22colorPopupTitle%22%3A%22rgb%28255%2C%20255%2C%20255%29%22%2C%22colorPopupChannelName%22%3A%22rgb%28255%2C%20255%2C%20255%29%22%2C%22colorPopupChannelNameHover%22%3A%22rgb%2877%2C%20178%2C%20255%29%22%2C%22colorPopupViewsCounter%22%3A%22rgb%28255%2C%20255%2C%20255%29%22%2C%22colorPopupLikesRatio%22%3A%22rgb%2847%2C%20165%2C%20255%29%22%2C%22colorPopupDislikesRatio%22%3A%22rgb%28100%2C%20100%2C%20100%29%22%2C%22colorPopupLikesCounter%22%3A%22rgb%28144%2C%20144%2C%20144%29%22%2C%22colorPopupDislikesCounter%22%3A%22rgb%28144%2C%20144%2C%20144%29%22%2C%22colorPopupShare%22%3A%22rgb%28144%2C%20144%2C%20144%29%22%2C%22colorPopupDate%22%3A%22rgb%28255%2C%20255%2C%20255%29%22%2C%22colorPopupDescription%22%3A%22rgb%28255%2C%20255%2C%20255%29%22%2C%22colorPopupDescriptionMoreButton%22%3A%22rgb%28120%2C%20120%2C%20120%29%22%2C%22colorPopupDescriptionMoreButtonHover%22%3A%22rgb%28255%2C%20255%2C%20255%29%22%2C%22colorPopupCommentsUsername%22%3A%22rgb%28255%2C%20255%2C%20255%29%22%2C%22colorPopupCommentsUsernameHover%22%3A%22rgb%2877%2C%20178%2C%20255%29%22%2C%22colorPopupCommentsPassedTime%22%3A%22rgb%28116%2C%20116%2C%20116%29%22%2C%22colorPopupCommentsLikes%22%3A%22rgb%28116%2C%20116%2C%20116%29%22%2C%22colorPopupCommentsText%22%3A%22rgb%28255%2C%20255%2C%20255%29%22%2C%22colorPopupControls%22%3A%22rgb%28160%2C%20160%2C%20160%29%22%2C%22colorPopupControlsHover%22%3A%22rgb%28220%2C%20220%2C%20220%29%22%2C%22colorPopupControlsMobile%22%3A%22rgb%28220%2C%20220%2C%20220%29%22%2C%22colorPopupControlsMobileBg%22%3A%22rgba%28255%2C%20255%2C%20255%2C%200%29%22%2C%22colorContentBg%22%3Anull%2C%22colorContentArrows%22%3A%22rgb%2834%2C%2034%2C%2034%29%22%2C%22colorContentArrowsHover%22%3A%22rgb%28255%2C%200%2C%200%29%22%2C%22colorContentArrowsBg%22%3A%22rgba%28255%2C%20255%2C%20255%2C%200.4%29%22%2C%22colorContentArrowsBgHover%22%3A%22rgba%28255%2C%20255%2C%20255%2C%200.8%29%22%2C%22colorContentScrollbarBg%22%3A%22rgb%2885%2C%2085%2C%2085%29%22%2C%22colorContentScrollbarSliderBg%22%3A%22rgba%28255%2C%20255%2C%20255%2C%200.4%29%22%2C%22lang%22%3A%22fr%22%2C%22cacheTime%22%3A3600%2C%22key%22%3A%22AIzaSyDDrbDo0bBZL1BI7wD1RXYWdi1zwUdfD9U%22%7D\" data-elfsight-youtube-gallery-version=\"3.1.0\"><\/div>\r\n<img loading=\"lazy\" decoding=\"async\" src=\"https:\/\/naralisboa.com\/wp-content\/uploads\/sites\/6\/sites\/12\/2024\/04\/Nara4-550x500.jpg\" width=\"550\" height=\"500\" title=\"Nara Lisb\u00f4a\" alt=\"Nara Lisb\u00f4a\" srcset=\"https:\/\/naralisboa.com\/wp-content\/uploads\/sites\/6\/sites\/12\/2024\/04\/Nara4-550x500.jpg 550w, https:\/\/naralisboa.com\/wp-content\/uploads\/sites\/6\/sites\/12\/2024\/04\/Nara4-300x273.jpg 300w, https:\/\/naralisboa.com\/wp-content\/uploads\/sites\/6\/sites\/12\/2024\/04\/Nara4-13x12.jpg 13w, https:\/\/naralisboa.com\/wp-content\/uploads\/sites\/6\/sites\/12\/2024\/04\/Nara4-24x22.jpg 24w, https:\/\/naralisboa.com\/wp-content\/uploads\/sites\/6\/sites\/12\/2024\/04\/Nara4-36x33.jpg 36w, https:\/\/naralisboa.com\/wp-content\/uploads\/sites\/6\/sites\/12\/2024\/04\/Nara4-48x44.jpg 48w, https:\/\/naralisboa.com\/wp-content\/uploads\/sites\/6\/sites\/12\/2024\/04\/Nara4.jpg 537w\" sizes=\"auto, (max-width: 550px) 100vw, 550px\" \/>\r\n<img loading=\"lazy\" decoding=\"async\" src=\"http:\/\/host.2117.fr\/nara-lisboa-music\/wp-content\/uploads\/sites\/6\/sites\/12\/2019\/05\/Nara5.jpg\" width=\"550\" height=\"493\" title=\"Inscription\" alt=\"Inscription\">\r\n<h3><strong>Discographie<\/strong><\/h3>\r\n<img loading=\"lazy\" decoding=\"async\" src=\"http:\/\/host.2117.fr\/nara-lisboa-music\/wp-content\/uploads\/sites\/6\/sites\/12\/2015\/09\/Digipack-3-Volets-04.05.10-Front.jpg\" width=\"1024\" height=\"297\" title=\"Inscription\" alt=\"Inscription\">\r\n<div id=\"fwdmspDiv0\"><\/div><ul id=\"fwdmspMainPlaylistNara Lisboa\" class=\"fwdmsp-playlist\"><li data-source=\"fwdmspPlaylist0\" data-playlist-name=\"Medley\" data-thumbnail-path=\"http:\/\/host.2117.fr\/nara-lisboa-music\/wp-content\/uploads\/sites\/6\/sites\/12\/2024\/03\/12-Air-De-Nouhant-mp3-image.jpg\"><\/li><\/ul><ul id=\"fwdmspPlaylist0\" class=\"fwdmsp-playlist\"><li data-path=\"https:\/\/naralisboa.com\/wp-content\/uploads\/sites\/6\/sites\/12\/2016\/07\/Do-Leme-Ao-Arpoador.mp3\" data-thumbpath=\"https:\/\/naralisboa.com\/wp-content\/uploads\/sites\/6\/sites\/12\/2024\/03\/12-Air-De-Nouhant-mp3-image.jpg\" data-is-private=\"no\" data-downloadable=\"yes\"><p><span class='fwdmsp-artist'>Do Leme ao Arpoador<\/span><span class='fwdmsp-title'><\/span><\/p><\/li><li data-path=\"https:\/\/naralisboa.com\/wp-content\/uploads\/sites\/6\/sites\/12\/2016\/07\/Sai-Fora.mp3\" data-thumbpath=\"https:\/\/naralisboa.com\/wp-content\/uploads\/sites\/6\/sites\/12\/2024\/03\/12-Air-De-Nouhant-mp3-image.jpg\" data-is-private=\"no\" data-downloadable=\"yes\"><p><span class='fwdmsp-artist'>Sai Fora<\/span><span class='fwdmsp-title'><\/span><\/p><\/li><li data-path=\"https:\/\/naralisboa.com\/wp-content\/uploads\/sites\/6\/sites\/12\/2016\/07\/Planeta.mp3\" data-thumbpath=\"https:\/\/naralisboa.com\/wp-content\/uploads\/sites\/6\/sites\/12\/2019\/05\/Meu-Santo-Antonio2.jpg\" data-is-private=\"no\" data-downloadable=\"yes\"><p><span class='fwdmsp-artist'>Planeta<\/span><span class='fwdmsp-title'><\/span><\/p><\/li><li data-path=\"https:\/\/naralisboa.com\/wp-content\/uploads\/sites\/6\/sites\/12\/2015\/09\/MamaeIntro-128kb-1.mp3\" data-thumbpath=\"https:\/\/naralisboa.com\/wp-content\/uploads\/sites\/6\/sites\/12\/2019\/05\/capa-scaled.jpg\" data-is-private=\"no\" data-downloadable=\"yes\"><p><span class='fwdmsp-artist'>Mam\u00e3e \u00e9 muito Louca<\/span><span class='fwdmsp-title'><\/span><\/p><\/li><li data-path=\"https:\/\/naralisboa.com\/wp-content\/uploads\/sites\/6\/sites\/12\/2016\/07\/Florianopolis.mp3\" data-thumbpath=\"https:\/\/naralisboa.com\/wp-content\/uploads\/sites\/6\/sites\/12\/2019\/05\/Nara5.jpg\" data-is-private=\"no\" data-downloadable=\"yes\"><p><span class='fwdmsp-artist'>Florianopolis<\/span><span class='fwdmsp-title'><\/span><\/p><\/li><li data-path=\"https:\/\/naralisboa.com\/wp-content\/uploads\/sites\/6\/sites\/12\/2016\/07\/Saudades-Do-Brasil.mp3\" data-thumbpath=\"https:\/\/naralisboa.com\/wp-content\/uploads\/sites\/6\/sites\/12\/2024\/03\/12-Air-De-Nouhant-mp3-image.jpg\" data-is-private=\"no\" data-downloadable=\"yes\"><p><span class='fwdmsp-artist'>Saudades do Brasil<\/span><span class='fwdmsp-title'><\/span><\/p><\/li><li data-path=\"https:\/\/naralisboa.com\/wp-content\/uploads\/sites\/6\/sites\/12\/2016\/07\/Santo-Antonio-meu-Amor.mp3\" data-thumbpath=\"https:\/\/naralisboa.com\/wp-content\/uploads\/sites\/6\/sites\/12\/2019\/05\/Meu-Santo-Antonio2.jpg\" data-is-private=\"no\" data-downloadable=\"yes\"><p><span class='fwdmsp-artist'>Santo Antonio meu Amor<\/span><span class='fwdmsp-title'><\/span><\/p><\/li><li data-path=\"https:\/\/naralisboa.com\/wp-content\/uploads\/sites\/6\/sites\/12\/2016\/07\/Flying-Soul.mp3\" data-thumbpath=\"https:\/\/naralisboa.com\/wp-content\/uploads\/sites\/6\/sites\/12\/2019\/05\/Nara4.jpg\" data-is-private=\"no\" data-downloadable=\"yes\"><p><span class='fwdmsp-artist'>Flying Soul<\/span><span class='fwdmsp-title'><\/span><\/p><\/li><li data-path=\"https:\/\/naralisboa.com\/wp-content\/uploads\/sites\/6\/sites\/12\/2016\/07\/Tijuca.mp3\" data-thumbpath=\"https:\/\/naralisboa.com\/wp-content\/uploads\/sites\/6\/sites\/12\/2019\/05\/Meu-Santo-Antonio2.jpg\" data-is-private=\"no\" data-downloadable=\"yes\"><p><span class='fwdmsp-artist'>Tijuca<\/span><span class='fwdmsp-title'><\/span><\/p><\/li><li data-path=\"https:\/\/naralisboa.com\/wp-content\/uploads\/sites\/6\/sites\/12\/2015\/09\/12-Air-De-Nouhant.mp3\" data-thumbpath=\"https:\/\/naralisboa.com\/wp-content\/uploads\/sites\/6\/sites\/12\/2024\/03\/12-Air-De-Nouhant-mp3-image.jpg\" data-is-private=\"no\" data-downloadable=\"yes\"><p><span class='fwdmsp-artist'>Air de Nouhant<\/span><span class='fwdmsp-title'><\/span><\/p><\/li><\/ul>\r\n<img loading=\"lazy\" decoding=\"async\" src=\"https:\/\/naralisboa.com\/wp-content\/uploads\/sites\/6\/sites\/12\/2024\/04\/DoLemex800-550x500.jpg\" width=\"550\" height=\"500\" title=\"Nara Lisb\u00f4a Do Leme ao Arpoador\" alt=\"Nara Lisb\u00f4a Do Leme ao Arpoador\">\r\n<img loading=\"lazy\" decoding=\"async\" src=\"https:\/\/naralisboa.com\/wp-content\/uploads\/sites\/6\/sites\/12\/2024\/04\/Meu-Santo-Antonio2-550x500.jpg\" width=\"550\" height=\"500\" title=\"Nara Lisb\u00f4a Meu Santo Antonio\" alt=\"Nara Lisb\u00f4a Meu Santo Antonio\" srcset=\"https:\/\/naralisboa.com\/wp-content\/uploads\/sites\/6\/sites\/12\/2024\/04\/Meu-Santo-Antonio2-550x500.jpg 550w, https:\/\/naralisboa.com\/wp-content\/uploads\/sites\/6\/sites\/12\/2024\/04\/Meu-Santo-Antonio2-12x12.jpg 12w\" sizes=\"auto, (max-width: 550px) 100vw, 550px\" \/>\r\n<h3><strong>Nouveaut\u00e9s<\/strong><\/h3>\r\n<h3><strong>Presse<\/strong><\/h3>\r\n<h3><strong>Agenda<\/strong><\/h3>\r\n<h3><strong>Contacts<\/strong><\/h3>\r\n<a href=\"https:\/\/naralisboa.com\/contact\/\" > <em><svg aria-hidden=\"true\"><use href=\"#tf-fas-at\"><\/use><\/svg><\/em> Contact <\/a>\r\n<div class=\"forminator-ui forminator-custom-form forminator-custom-form-6136 forminator-design--default  forminator_ajax\" data-forminator-render=\"0\" data-form=\"forminator-module-6136\" data-uid=\"69f807e800351\"><br\/><\/div><form\n\t\t\t\tid=\"forminator-module-6136\"\n\t\t\t\tclass=\"forminator-ui forminator-custom-form forminator-custom-form-6136 forminator-design--default  forminator_ajax\"\n\t\t\t\tmethod=\"post\"\n\t\t\t\tdata-forminator-render=\"0\"\n\t\t\t\tdata-form-id=\"6136\"\n\t\t\t\t data-color-option=\"default\" data-design=\"default\" data-grid=\"open\" style=\"display: none;\"\n\t\t\t\tdata-uid=\"69f807e800351\"\n\t\t\t><div role=\"alert\" aria-live=\"polite\" class=\"forminator-response-message forminator-error\" aria-hidden=\"true\"><\/div><div class=\"forminator-row\"><div id=\"name-1\" class=\"forminator-field-name forminator-col forminator-col-12 \"><div class=\"forminator-field\"><label for=\"forminator-field-name-1_69f807e800351\" id=\"forminator-field-name-1_69f807e800351-label\" class=\"forminator-label\">Pr\u00e9nom <span class=\"forminator-required\">*<\/span><\/label><input type=\"text\" name=\"name-1\" value=\"\" placeholder=\"Par exemple\u00a0: Jean\" id=\"forminator-field-name-1_69f807e800351\" class=\"forminator-input forminator-name--field\" aria-required=\"true\" autocomplete=\"name\" \/><\/div><\/div><\/div><div class=\"forminator-row\"><div id=\"email-1\" class=\"forminator-field-email forminator-col forminator-col-12 \"><div class=\"forminator-field\"><label for=\"forminator-field-email-1_69f807e800351\" id=\"forminator-field-email-1_69f807e800351-label\" class=\"forminator-label\">Adresse de messagerie <span class=\"forminator-required\">*<\/span><\/label><input type=\"email\" name=\"email-1\" value=\"\" placeholder=\"Par exemple\u00a0: jacques@martin.com\" id=\"forminator-field-email-1_69f807e800351\" class=\"forminator-input forminator-email--field\" data-required=\"true\" aria-required=\"true\" autocomplete=\"email\" \/><\/div><\/div><\/div><div class=\"forminator-row\"><div id=\"phone-1\" class=\"forminator-field-phone forminator-col forminator-col-12 \"><div class=\"forminator-field\"><label for=\"forminator-field-phone-1_69f807e800351\" id=\"forminator-field-phone-1_69f807e800351-label\" class=\"forminator-label\">Num\u00e9ro de t\u00e9l\u00e9phone<\/label><input type=\"text\" name=\"phone-1\" value=\"\" placeholder=\"Par exemple\u00a0: +1 02 03 04 05\" id=\"forminator-field-phone-1_69f807e800351\" class=\"forminator-input forminator-field--phone\" data-required=\"\" aria-required=\"false\" autocomplete=\"off\" \/><\/div><\/div><\/div><div class=\"forminator-row\"><div id=\"textarea-1\" class=\"forminator-field-textarea forminator-col forminator-col-12 \"><div class=\"forminator-field\"><label for=\"forminator-field-textarea-1_69f807e800351\" id=\"forminator-field-textarea-1_69f807e800351-label\" class=\"forminator-label\">Message<\/label><textarea name=\"textarea-1\" placeholder=\"Saisissez votre message\u2026\" id=\"forminator-field-textarea-1_69f807e800351\" class=\"forminator-textarea\" rows=\"6\" style=\"min-height:140px;\" maxlength=\"180\" ><\/textarea><span id=\"forminator-field-textarea-1_69f807e800351-description\" class=\"forminator-description\"><span data-limit=\"180\" data-type=\"characters\" data-editor=\"\">0 \/ 180<\/span><\/span><\/div><\/div><\/div><input type=\"hidden\" name=\"referer_url\" value=\"\" \/><!--n2css--><!--n2js--><script src=\"https:\/\/challenges.cloudflare.com\/turnstile\/v0\/api.js?render=explicit&amp;ver=8763ef79d988698207975bf7a5528124\" id=\"cfturnstile-js\"><\/script>\n<style>#cf-turnstile-fmntr-6136 { margin-left: 0px !important; }<\/style>\t\t<div id=\"cf-turnstile-fmntr-6136\"\r\n\t\tclass=\"cf-turnstile\" \t\tdata-sitekey=\"0x4AAAAAAARir4UeuVk5JBum\"\r\n\t\tdata-theme=\"light\"\r\n\t\tdata-language=\"auto\"\r\n\t\tdata-size=\"\"\r\n\t\tdata-retry=\"auto\" data-retry-interval=\"1000\"\r\n\t\tdata-refresh-expired=\"auto\"\r\n\t\tdata-action=\"forminator-form-6136\"\r\n\t\t\t\tdata-appearance=\"always\"><\/div>\r\n\t\t\t<script>document.addEventListener(\"DOMContentLoaded\", function() { setTimeout(function(){ var e=document.getElementById(\"cf-turnstile-fmntr-6136\"); e&&!e.innerHTML.trim()&&(turnstile.remove(\"#cf-turnstile-fmntr-6136\"), turnstile.render(\"#cf-turnstile-fmntr-6136\", {sitekey:\"0x4AAAAAAARir4UeuVk5JBum\"})); }, 100); });<\/script>\r\n\t\t\t<br class=\"cf-turnstile-br cf-turnstile-br-fmntr-6136\">\r\n\t\t\t\t<style>#cf-turnstile-fmntr-6136 { margin-left: -15px; }<\/style>\r\n\t\t                        <script>\r\n            \/\/ On ajax.complete run turnstile.render if element is empty\r\n            jQuery(document).ajaxComplete(function() {\r\n                setTimeout(function() {\r\n                    if (document.getElementById('cf-turnstile-fmntr-6136')) {\r\n                        if(!document.getElementById('cf-turnstile-fmntr-6136').innerHTML.trim()) {\r\n                                turnstile.remove('#cf-turnstile-fmntr-6136');\r\n                                turnstile.render('#cf-turnstile-fmntr-6136');\r\n                        }\r\n                    }\r\n                }, 1000);\r\n            });\r\n            \/\/ Enable Submit Button Function\r\n            function turnstileForminatorCallback() {\r\n                document.querySelectorAll('.forminator-button, .forminator-button-submit').forEach(function(el) {\r\n                    el.style.pointerEvents = 'auto';\r\n                    el.style.opacity = '1';\r\n                });\r\n            }\r\n            \/\/ On submit re-render\r\n            jQuery(document).ready(function() {\r\n                jQuery('.forminator-custom-form').on('submit', function() {\r\n                    if(document.getElementById('cf-turnstile-fmntr-6136')) {\r\n                        setTimeout(function() {\r\n                            turnstile.remove('#cf-turnstile-fmntr-6136');\r\n                            turnstile.render('#cf-turnstile-fmntr-6136');\r\n                        }, 1000);\r\n                    }\r\n                });\r\n            });\r\n            <\/script>\r\n                        <div class=\"forminator-row forminator-row-last\"><div class=\"forminator-col\"><div class=\"forminator-field\"><button class=\"forminator-button forminator-button-submit\">Envoyer le message<\/button><\/div><\/div><\/div><input type=\"hidden\" id=\"forminator_nonce\" name=\"forminator_nonce\" value=\"8e57b83ebd\" \/><input type=\"hidden\" name=\"_wp_http_referer\" value=\"\/index.php?rest_route=%2Fwp%2Fv2%2Fpages%2F5961\" \/><input type=\"hidden\" name=\"form_id\" value=\"6136\"><input type=\"hidden\" name=\"page_id\" value=\"5961\"><input type=\"hidden\" name=\"form_type\" value=\"default\"><input type=\"hidden\" name=\"current_url\" value=\"https:\/\/naralisboa.com\/fr_fr\/\"><input type=\"hidden\" name=\"render_id\" value=\"0\"><input type=\"hidden\" name=\"action\" value=\"forminator_submit_form_custom-forms\"><\/form>\r\n<ul id=\"menu-social-links\"><li id=\"menu-item-6044\"><a href=\"https:\/\/www.facebook.com\/nara.lisboa1\">Facebook<img width=\"36\" height=\"36\" src=\"https:\/\/naralisboa.com\/wp-content\/uploads\/sites\/6\/sites\/12\/2019\/11\/Fichier-1-36x36.png\" alt=\"\" decoding=\"async\" loading=\"lazy\" \/><\/a><\/li> <li id=\"menu-item-6045\"><a href=\"https:\/\/plus.google.com\/117775148093693481284\">Google+<img width=\"36\" height=\"36\" src=\"https:\/\/naralisboa.com\/wp-content\/uploads\/sites\/6\/sites\/12\/2019\/11\/Fichier-2-36x36.png\" alt=\"\" decoding=\"async\" loading=\"lazy\" \/><\/a><\/li> <li id=\"menu-item-6046\"><a href=\"https:\/\/twitter.com\/SaudadeDaLuz\">Twitter<img width=\"36\" height=\"36\" src=\"https:\/\/naralisboa.com\/wp-content\/uploads\/sites\/6\/sites\/12\/2019\/11\/Fichier-4-36x36.png\" alt=\"\" decoding=\"async\" loading=\"lazy\" \/><\/a><\/li> <li id=\"menu-item-6047\"><a href=\"https:\/\/fr.linkedin.com\/in\/saudade-da-luz-27bb5bb4\">LinkedIn<img width=\"36\" height=\"36\" src=\"https:\/\/naralisboa.com\/wp-content\/uploads\/sites\/6\/sites\/12\/2019\/11\/Fichier-3-36x36.png\" alt=\"\" decoding=\"async\" loading=\"lazy\" \/><\/a><\/li> <li id=\"menu-item-6048\"><a href=\"https:\/\/www.youtube.com\/channel\/UCZOHbCyh_ppDrJs81HiYWVg\">Youtube<img width=\"36\" height=\"36\" src=\"https:\/\/naralisboa.com\/wp-content\/uploads\/sites\/6\/sites\/12\/2019\/11\/Fichier-5-36x36.png\" alt=\"\" decoding=\"async\" loading=\"lazy\" \/><\/a><\/li> <li id=\"menu-item-6049\"><a href=\"https:\/\/www.pinterest.com\/saudadedaluz\/\">Pinterest<img width=\"36\" height=\"36\" src=\"https:\/\/naralisboa.com\/wp-content\/uploads\/sites\/6\/sites\/12\/2019\/11\/Fichier-6-36x36.png\" alt=\"\" decoding=\"async\" loading=\"lazy\" \/><\/a><\/li> <li id=\"menu-item-6050\"><a href=\"https:\/\/soundcloud.com\/saudade-da-luz\">Soundcloud<img width=\"36\" height=\"36\" src=\"https:\/\/naralisboa.com\/wp-content\/uploads\/sites\/6\/sites\/12\/2019\/11\/soundcloud-36x36.png\" alt=\"\" decoding=\"async\" loading=\"lazy\" \/><\/a><\/li> <\/ul><!--\/themify_builder_static--><\/p>","protected":false},"excerpt":{"rendered":"<p>&nbsp; Vid\u00e9os Discographie Nouveaut\u00e9s Presse Agenda Contacts Contact Facebook Google+ Twitter LinkedIn Youtube Pinterest Soundcloud<\/p>\n","protected":false},"author":1,"featured_media":0,"parent":0,"menu_order":0,"comment_status":"closed","ping_status":"closed","template":"","meta":{"footnotes":""},"class_list":["post-5961","page","type-page","status-publish"],"_links":{"self":[{"href":"https:\/\/naralisboa.com\/fr_fr\/index.php?rest_route=\/wp\/v2\/pages\/5961","targetHints":{"allow":["GET"]}}],"collection":[{"href":"https:\/\/naralisboa.com\/fr_fr\/index.php?rest_route=\/wp\/v2\/pages"}],"about":[{"href":"https:\/\/naralisboa.com\/fr_fr\/index.php?rest_route=\/wp\/v2\/types\/page"}],"author":[{"embeddable":true,"href":"https:\/\/naralisboa.com\/fr_fr\/index.php?rest_route=\/wp\/v2\/users\/1"}],"replies":[{"embeddable":true,"href":"https:\/\/naralisboa.com\/fr_fr\/index.php?rest_route=%2Fwp%2Fv2%2Fcomments&post=5961"}],"version-history":[{"count":25,"href":"https:\/\/naralisboa.com\/fr_fr\/index.php?rest_route=\/wp\/v2\/pages\/5961\/revisions"}],"predecessor-version":[{"id":6150,"href":"https:\/\/naralisboa.com\/fr_fr\/index.php?rest_route=\/wp\/v2\/pages\/5961\/revisions\/6150"}],"wp:attachment":[{"href":"https:\/\/naralisboa.com\/fr_fr\/index.php?rest_route=%2Fwp%2Fv2%2Fmedia&parent=5961"}],"curies":[{"name":"wp","href":"https:\/\/api.w.org\/{rel}","templated":true}]}}